{"id":1436,"date":"2023-03-22T18:18:11","date_gmt":"2023-03-22T18:18:11","guid":{"rendered":"https:\/\/vpnstream.tv\/?page_id=1436"},"modified":"2023-04-03T14:10:31","modified_gmt":"2023-04-03T14:10:31","slug":"elementor-1436","status":"publish","type":"page","link":"https:\/\/vpnstream.tv\/?page_id=1436","title":{"rendered":"Elementor #1436"},"content":{"rendered":"\t\t<div data-elementor-type=\"wp-page\" data-elementor-id=\"1436\" class=\"elementor elementor-1436\">\n\t\t\t\t\t\t\t\t\t<section class=\"elementor-section elementor-top-section elementor-element elementor-element-3be2251 elementor-section-boxed elementor-section-height-default elementor-section-height-default wpr-particle-no wpr-jarallax-no wpr-parallax-no wpr-sticky-section-no\" data-id=\"3be2251\" data-element_type=\"section\" data-settings=\"{&quot;background_background&quot;:&quot;classic&quot;}\">\n\t\t\t\t\t\t<div class=\"elementor-container elementor-column-gap-default\">\n\t\t\t\t\t<div class=\"elementor-column elementor-col-100 elementor-top-column elementor-element elementor-element-8b87ff0\" data-id=\"8b87ff0\" data-element_type=\"column\">\n\t\t\t<div class=\"elementor-widget-wrap elementor-element-populated\">\n\t\t\t\t\t\t\t\t<div class=\"elementor-element elementor-element-3ea53cc elementor-widget elementor-widget-image\" data-id=\"3ea53cc\" data-element_type=\"widget\" data-widget_type=\"image.default\">\n\t\t\t\t<div class=\"elementor-widget-container\">\n\t\t\t<style>\/*! elementor - v3.10.2 - 29-01-2023 *\/\n.elementor-widget-image{text-align:center}.elementor-widget-image a{display:inline-block}.elementor-widget-image a img[src$=\".svg\"]{width:48px}.elementor-widget-image img{vertical-align:middle;display:inline-block}<\/style>\t\t\t\t\t\t\t\t\t\t\t\t<img loading=\"lazy\" decoding=\"async\" width=\"300\" height=\"300\" src=\"https:\/\/vpnstream.tv\/wp-content\/uploads\/2023\/03\/novalogovpn-1-300x300.png\" class=\"attachment-medium size-medium wp-image-1655 has-transparency\" alt=\"\" srcset=\"https:\/\/vpnstream.tv\/wp-content\/uploads\/2023\/03\/novalogovpn-1-300x300.png 300w, https:\/\/vpnstream.tv\/wp-content\/uploads\/2023\/03\/novalogovpn-1-150x150.png 150w, https:\/\/vpnstream.tv\/wp-content\/uploads\/2023\/03\/novalogovpn-1.png 500w\" sizes=\"(max-width: 300px) 100vw, 300px\" data-has-transparency=\"true\" data-dominant-color=\"4d888e\" style=\"--dominant-color: #4d888e\" \/>\t\t\t\t\t\t\t\t\t\t\t\t\t\t\t<\/div>\n\t\t\t\t<\/div>\n\t\t\t\t<div class=\"elementor-element elementor-element-f8785f1 elementor-widget elementor-widget-heading\" data-id=\"f8785f1\" data-element_type=\"widget\" data-widget_type=\"heading.default\">\n\t\t\t\t<div class=\"elementor-widget-container\">\n\t\t\t<style>\/*! elementor - v3.10.2 - 29-01-2023 *\/\n.elementor-heading-title{padding:0;margin:0;line-height:1}.elementor-widget-heading .elementor-heading-title[class*=elementor-size-]>a{color:inherit;font-size:inherit;line-height:inherit}.elementor-widget-heading .elementor-heading-title.elementor-size-small{font-size:15px}.elementor-widget-heading .elementor-heading-title.elementor-size-medium{font-size:19px}.elementor-widget-heading .elementor-heading-title.elementor-size-large{font-size:29px}.elementor-widget-heading .elementor-heading-title.elementor-size-xl{font-size:39px}.elementor-widget-heading .elementor-heading-title.elementor-size-xxl{font-size:59px}<\/style><h2 class=\"elementor-heading-title elementor-size-default\">Politica de Cookies da VPN Stream<\/h2>\t\t<\/div>\n\t\t\t\t<\/div>\n\t\t\t\t<div class=\"elementor-element elementor-element-d0ffd17 elementor-widget elementor-widget-text-editor\" data-id=\"d0ffd17\" data-element_type=\"widget\" data-widget_type=\"text-editor.default\">\n\t\t\t\t<div class=\"elementor-widget-container\">\n\t\t\t<style>\/*! elementor - v3.10.2 - 29-01-2023 *\/\n.elementor-widget-text-editor.elementor-drop-cap-view-stacked .elementor-drop-cap{background-color:#818a91;color:#fff}.elementor-widget-text-editor.elementor-drop-cap-view-framed .elementor-drop-cap{color:#818a91;border:3px solid;background-color:transparent}.elementor-widget-text-editor:not(.elementor-drop-cap-view-default) .elementor-drop-cap{margin-top:8px}.elementor-widget-text-editor:not(.elementor-drop-cap-view-default) .elementor-drop-cap-letter{width:1em;height:1em}.elementor-widget-text-editor .elementor-drop-cap{float:left;text-align:center;line-height:1;font-size:50px}.elementor-widget-text-editor .elementor-drop-cap-letter{display:inline-block}<\/style>\t\t\t\t<p><span style=\"font-size: inherit; text-align: inherit; color: var( --e-global-color-text ); font-family: var(--fontFamily); font-style: var(--fontStyle, inherit); font-weight: var(--fontWeight); letter-spacing: var(--letterSpacing); text-transform: var(--textTransform);\">A VPN Stream utiliza cookies em seu site para melhorar a experi\u00eancia do usu\u00e1rio e fornecer servi\u00e7os personalizados. Esta pol\u00edtica explica como usamos cookies e como voc\u00ea pode gerenci\u00e1-los.<\/span><br><\/p>\n<p>O que s\u00e3o cookies?<\/p>\n<p>Cookies s\u00e3o pequenos arquivos de texto que s\u00e3o armazenados em seu dispositivo quando voc\u00ea visita um site. Eles s\u00e3o usados para rastrear informa\u00e7\u00f5es sobre sua visita, como suas prefer\u00eancias e atividades de navega\u00e7\u00e3o.<\/p>\n<p>Como usamos cookies<\/p>\n<p>A VPN Stream usa cookies para melhorar a experi\u00eancia do usu\u00e1rio e fornecer servi\u00e7os personalizados. Alguns exemplos incluem:<\/p>\n<ul>\n<li>\n<p>Cookies de sess\u00e3o: s\u00e3o usados para manter sua sess\u00e3o ativa enquanto voc\u00ea navega em nosso site.<\/p>\n<\/li>\n<li>\n<p>Cookies de prefer\u00eancias: s\u00e3o usados para lembrar suas prefer\u00eancias de idioma e outras configura\u00e7\u00f5es.<\/p>\n<\/li>\n<li>\n<p>Cookies de an\u00e1lise: s\u00e3o usados para rastrear o desempenho do site e entender como os usu\u00e1rios o usam.<\/p>\n<\/li>\n<li>\n<p>Cookies de publicidade: s\u00e3o usados para fornecer an\u00fancios personalizados com base em seus interesses.<\/p>\n<\/li>\n<\/ul>\n<p>Como gerenciar cookies<\/p>\n<p>Voc\u00ea pode gerenciar cookies em seu navegador da web. A maioria dos navegadores permite que voc\u00ea aceite, recuse ou exclua cookies. Observe que a exclus\u00e3o de cookies pode afetar a funcionalidade do site e impedir que voc\u00ea use alguns recursos.<\/p>\n<p>Al\u00e9m disso, a VPN Stream pode usar cookies de terceiros em seu site, como os servi\u00e7os de an\u00e1lise do Google Analytics. Esses cookies s\u00e3o controlados pelos respectivos terceiros e est\u00e3o sujeitos \u00e0s suas pr\u00f3prias pol\u00edticas de privacidade.<\/p>\n<p>Ao usar o site da VPN Stream, voc\u00ea concorda com o uso de cookies de acordo com esta pol\u00edtica. Se tiver d\u00favidas ou preocupa\u00e7\u00f5es sobre nossas pr\u00e1ticas de cookies, entre em contato conosco pelo e-mail: contato@vpnstream.tv.<\/p>\t\t\t\t\t\t<\/div>\n\t\t\t\t<\/div>\n\t\t\t\t\t<\/div>\n\t\t<\/div>\n\t\t\t\t\t\t\t<\/div>\n\t\t<\/section>\n\t\t\t\t\t\t\t<\/div>\n\t\t","protected":false},"excerpt":{"rendered":"<p>Politica de Cookies da VPN Stream A VPN Stream utiliza cookies em seu site para melhorar a experi\u00eancia do usu\u00e1rio e fornecer servi\u00e7os personalizados. Esta pol\u00edtica explica como usamos cookies e como voc\u00ea pode gerenci\u00e1-los. O que s\u00e3o cookies? Cookies s\u00e3o pequenos arquivos de texto que s\u00e3o armazenados em seu dispositivo quando voc\u00ea visita um site. Eles s\u00e3o usados para rastrear informa\u00e7\u00f5es sobre sua visita, como suas prefer\u00eancias e atividades de navega\u00e7\u00e3o. Como usamos cookies A VPN Stream usa cookies para melhorar a experi\u00eancia do usu\u00e1rio e fornecer servi\u00e7os personalizados. Alguns exemplos incluem: Cookies de sess\u00e3o: s\u00e3o usados para manter\u2026<\/p>\n","protected":false},"author":1,"featured_media":0,"parent":0,"menu_order":0,"comment_status":"closed","ping_status":"closed","template":"elementor_canvas","meta":{"_seopress_robots_primary_cat":"","_eb_attr":"","footnotes":""},"blocksy_meta":{"styles_descriptor":{"styles":{"desktop":"","tablet":"","mobile":""},"google_fonts":[],"version":5}},"_links":{"self":[{"href":"https:\/\/vpnstream.tv\/index.php?rest_route=\/wp\/v2\/pages\/1436"}],"collection":[{"href":"https:\/\/vpnstream.tv\/index.php?rest_route=\/wp\/v2\/pages"}],"about":[{"href":"https:\/\/vpnstream.tv\/index.php?rest_route=\/wp\/v2\/types\/page"}],"author":[{"embeddable":true,"href":"https:\/\/vpnstream.tv\/index.php?rest_route=\/wp\/v2\/users\/1"}],"replies":[{"embeddable":true,"href":"https:\/\/vpnstream.tv\/index.php?rest_route=%2Fwp%2Fv2%2Fcomments&post=1436"}],"version-history":[{"count":10,"href":"https:\/\/vpnstream.tv\/index.php?rest_route=\/wp\/v2\/pages\/1436\/revisions"}],"predecessor-version":[{"id":1982,"href":"https:\/\/vpnstream.tv\/index.php?rest_route=\/wp\/v2\/pages\/1436\/revisions\/1982"}],"wp:attachment":[{"href":"https:\/\/vpnstream.tv\/index.php?rest_route=%2Fwp%2Fv2%2Fmedia&parent=1436"}],"curies":[{"name":"wp","href":"https:\/\/api.w.org\/{rel}","templated":true}]}}