{"id":1140,"date":"2023-03-11T03:08:42","date_gmt":"2023-03-11T03:08:42","guid":{"rendered":"https:\/\/vpnstream.tv\/?page_id=1140"},"modified":"2024-01-24T15:37:11","modified_gmt":"2024-01-24T15:37:11","slug":"elementor-1140","status":"publish","type":"page","link":"https:\/\/vpnstream.tv\/?page_id=1140","title":{"rendered":"polit. de priv."},"content":{"rendered":"\t\t<div data-elementor-type=\"wp-page\" data-elementor-id=\"1140\" class=\"elementor elementor-1140\">\n\t\t\t\t\t\t\t\t\t<section class=\"elementor-section elementor-top-section elementor-element elementor-element-f3f7450 elementor-section-boxed elementor-section-height-default elementor-section-height-default wpr-particle-no wpr-jarallax-no wpr-parallax-no wpr-sticky-section-no\" data-id=\"f3f7450\" data-element_type=\"section\" data-settings=\"{&quot;background_background&quot;:&quot;classic&quot;}\">\n\t\t\t\t\t\t<div class=\"elementor-container elementor-column-gap-default\">\n\t\t\t\t\t<div class=\"elementor-column elementor-col-100 elementor-top-column elementor-element elementor-element-5e85c31\" data-id=\"5e85c31\" data-element_type=\"column\">\n\t\t\t<div class=\"elementor-widget-wrap elementor-element-populated\">\n\t\t\t\t\t\t\t\t<div class=\"elementor-element elementor-element-efd9682 elementor-widget elementor-widget-image\" data-id=\"efd9682\" data-element_type=\"widget\" data-widget_type=\"image.default\">\n\t\t\t\t<div class=\"elementor-widget-container\">\n\t\t\t<style>\/*! elementor - v3.10.2 - 29-01-2023 *\/\n.elementor-widget-image{text-align:center}.elementor-widget-image a{display:inline-block}.elementor-widget-image a img[src$=\".svg\"]{width:48px}.elementor-widget-image img{vertical-align:middle;display:inline-block}<\/style>\t\t\t\t\t\t\t\t\t\t\t\t<img loading=\"lazy\" decoding=\"async\" width=\"300\" height=\"300\" src=\"https:\/\/vpnstream.tv\/wp-content\/uploads\/2023\/03\/novalogovpn-1-300x300.png\" class=\"attachment-medium size-medium wp-image-1655 has-transparency\" alt=\"\" srcset=\"https:\/\/vpnstream.tv\/wp-content\/uploads\/2023\/03\/novalogovpn-1-300x300.png 300w, https:\/\/vpnstream.tv\/wp-content\/uploads\/2023\/03\/novalogovpn-1-150x150.png 150w, https:\/\/vpnstream.tv\/wp-content\/uploads\/2023\/03\/novalogovpn-1.png 500w\" sizes=\"(max-width: 300px) 100vw, 300px\" data-has-transparency=\"true\" data-dominant-color=\"4d888e\" style=\"--dominant-color: #4d888e\" \/>\t\t\t\t\t\t\t\t\t\t\t\t\t\t\t<\/div>\n\t\t\t\t<\/div>\n\t\t\t\t<div class=\"elementor-element elementor-element-948aa02 elementor-widget elementor-widget-heading\" data-id=\"948aa02\" data-element_type=\"widget\" data-widget_type=\"heading.default\">\n\t\t\t\t<div class=\"elementor-widget-container\">\n\t\t\t<style>\/*! elementor - v3.10.2 - 29-01-2023 *\/\n.elementor-heading-title{padding:0;margin:0;line-height:1}.elementor-widget-heading .elementor-heading-title[class*=elementor-size-]>a{color:inherit;font-size:inherit;line-height:inherit}.elementor-widget-heading .elementor-heading-title.elementor-size-small{font-size:15px}.elementor-widget-heading .elementor-heading-title.elementor-size-medium{font-size:19px}.elementor-widget-heading .elementor-heading-title.elementor-size-large{font-size:29px}.elementor-widget-heading .elementor-heading-title.elementor-size-xl{font-size:39px}.elementor-widget-heading .elementor-heading-title.elementor-size-xxl{font-size:59px}<\/style><h2 class=\"elementor-heading-title elementor-size-default\">Pol\u00edtica de uso e privacidade da VPN Stream<\/h2>\t\t<\/div>\n\t\t\t\t<\/div>\n\t\t\t\t<div class=\"elementor-element elementor-element-0d75b1e elementor-widget elementor-widget-text-editor\" data-id=\"0d75b1e\" data-element_type=\"widget\" data-widget_type=\"text-editor.default\">\n\t\t\t\t<div class=\"elementor-widget-container\">\n\t\t\t<style>\/*! elementor - v3.10.2 - 29-01-2023 *\/\n.elementor-widget-text-editor.elementor-drop-cap-view-stacked .elementor-drop-cap{background-color:#818a91;color:#fff}.elementor-widget-text-editor.elementor-drop-cap-view-framed .elementor-drop-cap{color:#818a91;border:3px solid;background-color:transparent}.elementor-widget-text-editor:not(.elementor-drop-cap-view-default) .elementor-drop-cap{margin-top:8px}.elementor-widget-text-editor:not(.elementor-drop-cap-view-default) .elementor-drop-cap-letter{width:1em;height:1em}.elementor-widget-text-editor .elementor-drop-cap{float:left;text-align:center;line-height:1;font-size:50px}.elementor-widget-text-editor .elementor-drop-cap-letter{display:inline-block}<\/style>\t\t\t\t<p><span style=\"font-size: inherit; text-align: inherit; color: var( --e-global-color-text ); font-family: var(--fontFamily); font-style: var(--fontStyle, inherit); font-weight: var(--fontWeight); letter-spacing: var(--letterSpacing); text-transform: var(--textTransform);\">Esta Pol\u00edtica de Uso e Privacidade do Servi\u00e7o de VPN (doravante, &#8220;Pol\u00edtica&#8221;) estabelece as regras e diretrizes que regem o uso do Servi\u00e7o de VPN oferecido pela VPN Stream, com o objetivo de garantir a seguran\u00e7a, privacidade e prote\u00e7\u00e3o dos dados dos usu\u00e1rios, bem como a prote\u00e7\u00e3o do Servi\u00e7o contra uso n\u00e3o autorizado ou ilegal. Ao utilizar o Servi\u00e7o de VPN, voc\u00ea concorda em cumprir as disposi\u00e7\u00f5es desta Pol\u00edtica.<\/span><\/p>\t\t\t\t\t\t<\/div>\n\t\t\t\t<\/div>\n\t\t\t\t\t<\/div>\n\t\t<\/div>\n\t\t\t\t\t\t\t<\/div>\n\t\t<\/section>\n\t\t\t\t<section class=\"elementor-section elementor-top-section elementor-element elementor-element-ddd3c5b elementor-section-boxed elementor-section-height-default elementor-section-height-default wpr-particle-no wpr-jarallax-no wpr-parallax-no wpr-sticky-section-no\" data-id=\"ddd3c5b\" data-element_type=\"section\" data-settings=\"{&quot;background_background&quot;:&quot;classic&quot;}\">\n\t\t\t\t\t\t<div class=\"elementor-container elementor-column-gap-default\">\n\t\t\t\t\t<div class=\"elementor-column elementor-col-100 elementor-top-column elementor-element elementor-element-a5b6b45\" data-id=\"a5b6b45\" data-element_type=\"column\">\n\t\t\t<div class=\"elementor-widget-wrap elementor-element-populated\">\n\t\t\t\t\t\t\t\t<div class=\"elementor-element elementor-element-4cbde6e elementor-widget elementor-widget-text-editor\" data-id=\"4cbde6e\" data-element_type=\"widget\" data-widget_type=\"text-editor.default\">\n\t\t\t\t<div class=\"elementor-widget-container\">\n\t\t\t\t\t\t\t<p>I. POL\u00cdTICA DE USO DO SERVI\u00c7O DE VPN<\/p><ol><li><p>Atividades Proibidas: N\u00e3o utilize o Servi\u00e7o da VPN Stream para realizar atividades ilegais ou violar leis e regulamentos locais, estaduais ou federais. Voc\u00ea n\u00e3o deve compartilhar sua conta de VPN com terceiros, bem como n\u00e3o pode enviar spam ou quaisquer tipos de mensagens n\u00e3o solicitadas, tentar comprometer a seguran\u00e7a do Servi\u00e7o de VPN ou de qualquer outro sistema de computador, baixar ou distribuir conte\u00fado protegido por direitos autorais sem a devida autoriza\u00e7\u00e3o, realizar a\u00e7\u00f5es que possam prejudicar ou interromper o funcionamento do Servi\u00e7o de VPN, ou utilizar o Servi\u00e7o de VPN para fins comerciais sem a devida autoriza\u00e7\u00e3o.<\/p><\/li><li><p>Consequ\u00eancias do Descumprimento: O descumprimento das regras estabelecidas nesta Pol\u00edtica pode resultar na suspens\u00e3o ou cancelamento de sua conta de VPN, sem aviso pr\u00e9vio. O Servi\u00e7o de VPN reserva-se o direito de alterar essas regras a qualquer momento, sem aviso pr\u00e9vio. \u00c9 de responsabilidade do usu\u00e1rio manter-se atualizado com as pol\u00edticas de uso vigentes.<\/p><\/li><li><p>Indeniza\u00e7\u00e3o: Ao utilizar o Servi\u00e7o de VPN, voc\u00ea concorda em cumprir estas regras e em indenizar o Servi\u00e7o de VPN por quaisquer danos causados por sua viola\u00e7\u00e3o dessas regras. O Servi\u00e7o de VPN n\u00e3o \u00e9 respons\u00e1vel por quaisquer danos causados por terceiros ao utilizar a conta de VPN.<\/p><\/li><\/ol><p>II. POL\u00cdTICA DE PRIVACIDADE DO SERVI\u00c7O DE VPN<\/p><ol><li style=\"list-style-type: none;\"><ol><li><p>Informa\u00e7\u00f5es Pessoais: O Servi\u00e7o de VPN coleta informa\u00e7\u00f5es pessoais dos usu\u00e1rios, como nome, endere\u00e7o de e-mail e endere\u00e7o de cobran\u00e7a. Essas informa\u00e7\u00f5es s\u00e3o coletadas com o objetivo de fornecer o Servi\u00e7o de VPN e para fins de cobran\u00e7a. Tamb\u00e9m podemos usar essas informa\u00e7\u00f5es para personalizar sua experi\u00eancia de usu\u00e1rio, como sugerir servi\u00e7os ou recursos que possam ser de seu interesse.<\/p><\/li><li><p>Compartilhamento de Informa\u00e7\u00f5es: O Servi\u00e7o de VPN n\u00e3o compartilha suas informa\u00e7\u00f5es pessoais com terceiros, exceto quando necess\u00e1rio para prestar o Servi\u00e7o de VPN ou quando exigido por lei.<\/p><\/li><li><p>Medidas de Seguran\u00e7a: O Servi\u00e7o de VPN utiliza medidas de seguran\u00e7a para proteger suas informa\u00e7\u00f5es pessoais de acessos n\u00e3o autorizados. No entanto, n\u00e3o podemos garantir a seguran\u00e7a absoluta dessas informa\u00e7\u00f5es. \u00c9 importante que voc\u00ea tome medidas para proteger suas informa\u00e7\u00f5es pessoais, como usar senhas seguras e n\u00e3o compartilhar suas informa\u00e7\u00f5es pessoais com terceiros.<\/p><\/li><li style=\"--tw-border-spacing-x: 0; --tw-border-spacing-y: 0; --tw-translate-x: 0; --tw-translate-y: 0; --tw-rotate: 0; --tw-skew-x: 0; --tw-skew-y: 0; --tw-scale-x: 1; --tw-scale-y: 1; --tw-scroll-snap-strictness: proximity; --tw-ring-offset-width: 0px; --tw-ring-offset-color: #fff; --tw-ring-color: rgba(59,130,246,0.5); --tw-ring-offset-shadow: 0 0 transparent; --tw-ring-shadow: 0 0 transparent; --tw-shadow: 0 0 transparent; --tw-shadow-colored: 0 0 transparent; margin-bottom: 0px; padding-left: 0.375em; border: 0px solid #d9d9e3;\">Direitos dos Usu\u00e1rios: Os usu\u00e1rios t\u00eam o direito de acessar, corrigir, atualizar ou excluir suas informa\u00e7\u00f5es pessoais coletadas pelo servi\u00e7o de VPN. Caso deseje exercer esses direitos, o usu\u00e1rio poder\u00e1 entrar em contato com o servi\u00e7o atrav\u00e9s da se\u00e7\u00e3o de contato do site e solicitar a a\u00e7\u00e3o desejada. O servi\u00e7o de VPN ir\u00e1 atender \u00e0 solicita\u00e7\u00e3o do usu\u00e1rio o mais breve poss\u00edvel. Os usu\u00e1rios tamb\u00e9m t\u00eam o direito de solicitar informa\u00e7\u00f5es sobre como suas informa\u00e7\u00f5es pessoais s\u00e3o utilizadas e compartilhadas pelo servi\u00e7o de VPN. O servi\u00e7o ir\u00e1 fornecer as informa\u00e7\u00f5es solicitadas pelo usu\u00e1rio em um formato leg\u00edvel e compreens\u00edvel.\u00a0 Al\u00e9m disso, os usu\u00e1rios t\u00eam o direito de solicitar a portabilidade de suas informa\u00e7\u00f5es pessoais. O servi\u00e7o de VPN ir\u00e1 fornecer as informa\u00e7\u00f5es pessoais do usu\u00e1rio em um formato estruturado, comumente utilizado e leg\u00edvel por m\u00e1quina, para que possa ser transferido para outro servi\u00e7o, se desejado. O servi\u00e7o de VPN se compromete a responder a todas as solicita\u00e7\u00f5es dos usu\u00e1rios em rela\u00e7\u00e3o aos seus direitos em rela\u00e7\u00e3o aos seus dados pessoais de acordo com as leis aplic\u00e1veis.\u00a0<\/li><li style=\"--tw-border-spacing-x: 0; --tw-border-spacing-y: 0; --tw-translate-x: 0; --tw-translate-y: 0; --tw-rotate: 0; --tw-skew-x: 0; --tw-skew-y: 0; --tw-scale-x: 1; --tw-scale-y: 1; --tw-scroll-snap-strictness: proximity; --tw-ring-offset-width: 0px; --tw-ring-offset-color: #fff; --tw-ring-color: rgba(59,130,246,0.5); --tw-ring-offset-shadow: 0 0 transparent; --tw-ring-shadow: 0 0 transparent; --tw-shadow: 0 0 transparent; --tw-shadow-colored: 0 0 transparent; margin-bottom: 0px; padding-left: 0.375em; border: 0px solid #d9d9e3;\">Responsabilidades dos Usu\u00e1rios: Os usu\u00e1rios s\u00e3o respons\u00e1veis por todas as atividades realizadas em sua conta de VPN, incluindo quaisquer viola\u00e7\u00f5es dos termos de uso ou da pol\u00edtica de privacidade. Eles devem tomar medidas adequadas para proteger suas informa\u00e7\u00f5es pessoais, senhas e outros dados de acesso, bem como garantir que seu uso do servi\u00e7o de VPN esteja em conformidade com todas as leis e regulamentos aplic\u00e1veis.<\/li><li style=\"--tw-border-spacing-x: 0; --tw-border-spacing-y: 0; --tw-translate-x: 0; --tw-translate-y: 0; --tw-rotate: 0; --tw-skew-x: 0; --tw-skew-y: 0; --tw-scale-x: 1; --tw-scale-y: 1; --tw-scroll-snap-strictness: proximity; --tw-ring-offset-width: 0px; --tw-ring-offset-color: #fff; --tw-ring-color: rgba(59,130,246,0.5); --tw-ring-offset-shadow: 0 0 transparent; --tw-ring-shadow: 0 0 transparent; --tw-shadow: 0 0 transparent; --tw-shadow-colored: 0 0 transparent; margin-bottom: 0px; padding-left: 0.375em; border: 0px solid #d9d9e3;\">Limita\u00e7\u00e3o de Responsabilidade: O servi\u00e7o de VPN n\u00e3o ser\u00e1 respons\u00e1vel por quaisquer danos diretos, indiretos, incidentais, especiais, consequentes ou punitivos decorrentes do uso ou da incapacidade de usar o servi\u00e7o de VPN, incluindo, mas n\u00e3o se limitando a, perda de dados, interrup\u00e7\u00e3o do servi\u00e7o, custos de substitui\u00e7\u00e3o, ou quaisquer outros danos decorrentes do uso ou da incapacidade de usar o servi\u00e7o de VPN. Em nenhuma circunst\u00e2ncia, a responsabilidade total do servi\u00e7o de VPN por quaisquer danos, perdas ou causas de a\u00e7\u00e3o exceder\u00e1 o valor total pago pelos usu\u00e1rios pelo servi\u00e7o de VPN durante o per\u00edodo de assinatura atual.\u00a0<\/li><li style=\"--tw-border-spacing-x: 0; --tw-border-spacing-y: 0; --tw-translate-x: 0; --tw-translate-y: 0; --tw-rotate: 0; --tw-skew-x: 0; --tw-skew-y: 0; --tw-scale-x: 1; --tw-scale-y: 1; --tw-scroll-snap-strictness: proximity; --tw-ring-offset-width: 0px; --tw-ring-offset-color: #fff; --tw-ring-color: rgba(59,130,246,0.5); --tw-ring-offset-shadow: 0 0 transparent; --tw-ring-shadow: 0 0 transparent; --tw-shadow: 0 0 transparent; --tw-shadow-colored: 0 0 transparent; margin-bottom: 0px; padding-left: 0.375em; border: 0px solid #d9d9e3;\">Rescis\u00e3o do Servi\u00e7o: O servi\u00e7o de VPN reserva-se o direito de rescindir ou suspender o servi\u00e7o de VPN a qualquer momento, sem aviso pr\u00e9vio, por qualquer motivo. Os usu\u00e1rios concordam que o servi\u00e7o de VPN n\u00e3o ser\u00e1 respons\u00e1vel por quaisquer danos resultantes da rescis\u00e3o ou suspens\u00e3o do servi\u00e7o de VPN.\u00a0<\/li><li style=\"--tw-border-spacing-x: 0; --tw-border-spacing-y: 0; --tw-translate-x: 0; --tw-translate-y: 0; --tw-rotate: 0; --tw-skew-x: 0; --tw-skew-y: 0; --tw-scale-x: 1; --tw-scale-y: 1; --tw-scroll-snap-strictness: proximity; --tw-ring-offset-width: 0px; --tw-ring-offset-color: #fff; --tw-ring-color: rgba(59,130,246,0.5); --tw-ring-offset-shadow: 0 0 transparent; --tw-ring-shadow: 0 0 transparent; --tw-shadow: 0 0 transparent; --tw-shadow-colored: 0 0 transparent; margin-bottom: 0px; padding-left: 0.375em; border: 0px solid #d9d9e3;\">Lei Aplic\u00e1vel e Jurisdi\u00e7\u00e3o: Estes termos de uso e a pol\u00edtica de privacidade ser\u00e3o regidos e interpretados de acordo com as leis do pa\u00eds em que o servi\u00e7o de VPN est\u00e1 registrado. Qualquer disputa relacionada a estes termos de uso e pol\u00edtica de privacidade ser\u00e1 submetida \u00e0 jurisdi\u00e7\u00e3o exclusiva dos tribunais do pa\u00eds em que o servi\u00e7o de VPN est\u00e1 registrado.\u00a0<\/li><li style=\"--tw-border-spacing-x: 0; --tw-border-spacing-y: 0; --tw-translate-x: 0; --tw-translate-y: 0; --tw-rotate: 0; --tw-skew-x: 0; --tw-skew-y: 0; --tw-scale-x: 1; --tw-scale-y: 1; --tw-scroll-snap-strictness: proximity; --tw-ring-offset-width: 0px; --tw-ring-offset-color: #fff; --tw-ring-color: rgba(59,130,246,0.5); --tw-ring-offset-shadow: 0 0 transparent; --tw-ring-shadow: 0 0 transparent; --tw-shadow: 0 0 transparent; --tw-shadow-colored: 0 0 transparent; margin-bottom: 0px; padding-left: 0.375em; border: 0px solid #d9d9e3;\">Altera\u00e7\u00f5es nos Termos de Uso e na Pol\u00edtica de Privacidade: O servi\u00e7o de VPN reserva-se o direito de modificar estes termos de uso e a pol\u00edtica de privacidade a qualquer momento, sem aviso pr\u00e9vio. Os usu\u00e1rios s\u00e3o respons\u00e1veis por verificar periodicamente estes termos de uso e a pol\u00edtica de privacidade para ficar atualizados sobre quaisquer altera\u00e7\u00f5es. Ao continuar a usar o servi\u00e7o de VPN ap\u00f3s as altera\u00e7\u00f5es entrarem em vigor, os usu\u00e1rios concordam com os termos de uso e a pol\u00edtica de privacidade atualizados.\u00a0<\/li><li style=\"--tw-border-spacing-x: 0; --tw-border-spacing-y: 0; --tw-translate-x: 0; --tw-translate-y: 0; --tw-rotate: 0; --tw-skew-x: 0; --tw-skew-y: 0; --tw-scale-x: 1; --tw-scale-y: 1; --tw-scroll-snap-strictness: proximity; --tw-ring-offset-width: 0px; --tw-ring-offset-color: #fff; --tw-ring-color: rgba(59,130,246,0.5); --tw-ring-offset-shadow: 0 0 transparent; --tw-ring-shadow: 0 0 transparent; --tw-shadow: 0 0 transparent; --tw-shadow-colored: 0 0 transparent; margin-bottom: 0px; padding-left: 0.375em; border: 0px solid #d9d9e3;\">Contato:\u00a0 Se os usu\u00e1rios tiverem alguma d\u00favida sobre estes termos de uso ou a pol\u00edtica de privacidade, ou precisarem entrar em contato com o servi\u00e7o de VPN por qualquer motivo, eles podem faz\u00ea-lo atrav\u00e9s da se\u00e7\u00e3o de contato do site do servi\u00e7o de VPN. O servi\u00e7o de VPN est\u00e1 sempre dispon\u00edvel para ajudar e responder a quaisquer perguntas ou preocupa\u00e7\u00f5es que os usu\u00e1rios possam ter.<\/li><\/ol><\/li><\/ol>\t\t\t\t\t\t<\/div>\n\t\t\t\t<\/div>\n\t\t\t\t\t<\/div>\n\t\t<\/div>\n\t\t\t\t\t\t\t<\/div>\n\t\t<\/section>\n\t\t\t\t\t\t\t<\/div>\n\t\t","protected":false},"excerpt":{"rendered":"<p>Pol\u00edtica de uso e privacidade da VPN Stream Esta Pol\u00edtica de Uso e Privacidade do Servi\u00e7o de VPN (doravante, &#8220;Pol\u00edtica&#8221;) estabelece as regras e diretrizes que regem o uso do Servi\u00e7o de VPN oferecido pela VPN Stream, com o objetivo de garantir a seguran\u00e7a, privacidade e prote\u00e7\u00e3o dos dados dos usu\u00e1rios, bem como a prote\u00e7\u00e3o do Servi\u00e7o contra uso n\u00e3o autorizado ou ilegal. Ao utilizar o Servi\u00e7o de VPN, voc\u00ea concorda em cumprir as disposi\u00e7\u00f5es desta Pol\u00edtica. I. POL\u00cdTICA DE USO DO SERVI\u00c7O DE VPN Atividades Proibidas: N\u00e3o utilize o Servi\u00e7o da VPN Stream para realizar atividades ilegais ou violar\u2026<\/p>\n","protected":false},"author":1,"featured_media":0,"parent":0,"menu_order":0,"comment_status":"closed","ping_status":"closed","template":"elementor_canvas","meta":{"_seopress_robots_primary_cat":"","_eb_attr":"","footnotes":""},"blocksy_meta":{"styles_descriptor":{"styles":{"desktop":"","tablet":"","mobile":""},"google_fonts":[],"version":5}},"_links":{"self":[{"href":"https:\/\/vpnstream.tv\/index.php?rest_route=\/wp\/v2\/pages\/1140"}],"collection":[{"href":"https:\/\/vpnstream.tv\/index.php?rest_route=\/wp\/v2\/pages"}],"about":[{"href":"https:\/\/vpnstream.tv\/index.php?rest_route=\/wp\/v2\/types\/page"}],"author":[{"embeddable":true,"href":"https:\/\/vpnstream.tv\/index.php?rest_route=\/wp\/v2\/users\/1"}],"replies":[{"embeddable":true,"href":"https:\/\/vpnstream.tv\/index.php?rest_route=%2Fwp%2Fv2%2Fcomments&post=1140"}],"version-history":[{"count":28,"href":"https:\/\/vpnstream.tv\/index.php?rest_route=\/wp\/v2\/pages\/1140\/revisions"}],"predecessor-version":[{"id":2175,"href":"https:\/\/vpnstream.tv\/index.php?rest_route=\/wp\/v2\/pages\/1140\/revisions\/2175"}],"wp:attachment":[{"href":"https:\/\/vpnstream.tv\/index.php?rest_route=%2Fwp%2Fv2%2Fmedia&parent=1140"}],"curies":[{"name":"wp","href":"https:\/\/api.w.org\/{rel}","templated":true}]}}